{"id":359,"date":"2018-12-26T07:06:45","date_gmt":"2018-12-26T07:06:45","guid":{"rendered":"https:\/\/bessopulita.ch\/?page_id=359"},"modified":"2023-11-02T14:40:18","modified_gmt":"2023-11-02T14:40:18","slug":"corsi","status":"publish","type":"page","link":"https:\/\/www.bessopulita.ch\/index.php\/corsi\/","title":{"rendered":"Corsi"},"content":{"rendered":"\t\t<div data-elementor-type=\"wp-post\" data-elementor-id=\"359\" class=\"elementor elementor-359\">\n\t\t\t\t\t\t<section class=\"elementor-section elementor-top-section elementor-element elementor-element-c6b7c76 elementor-section-stretched elementor-section-height-min-height elementor-section-boxed elementor-section-height-default elementor-section-items-middle\" data-id=\"c6b7c76\" data-element_type=\"section\" data-e-type=\"section\" data-settings=\"{&quot;stretch_section&quot;:&quot;section-stretched&quot;}\">\n\t\t\t\t\t\t<div class=\"elementor-container elementor-column-gap-default\">\n\t\t\t\t\t<div class=\"elementor-column elementor-col-100 elementor-top-column elementor-element elementor-element-c4c22a9\" data-id=\"c4c22a9\" data-element_type=\"column\" data-e-type=\"column\">\n\t\t\t<div class=\"elementor-widget-wrap\">\n\t\t\t\t\t\t\t<\/div>\n\t\t<\/div>\n\t\t\t\t\t<\/div>\n\t\t<\/section>\n\t\t\t\t<section class=\"elementor-section elementor-top-section elementor-element elementor-element-dc87863 elementor-section-stretched elementor-section-height-min-height elementor-section-boxed elementor-section-height-default elementor-section-items-middle\" data-id=\"dc87863\" data-element_type=\"section\" data-e-type=\"section\" data-settings=\"{&quot;stretch_section&quot;:&quot;section-stretched&quot;,&quot;background_background&quot;:&quot;classic&quot;}\">\n\t\t\t\t\t\t<div class=\"elementor-container elementor-column-gap-default\">\n\t\t\t\t\t<div class=\"elementor-column elementor-col-100 elementor-top-column elementor-element elementor-element-78f970f\" data-id=\"78f970f\" data-element_type=\"column\" data-e-type=\"column\">\n\t\t\t<div class=\"elementor-widget-wrap elementor-element-populated\">\n\t\t\t\t\t\t<div class=\"elementor-element elementor-element-b633401 elementor-widget__width-initial elementor-widget elementor-widget-image\" data-id=\"b633401\" data-element_type=\"widget\" data-e-type=\"widget\" data-widget_type=\"image.default\">\n\t\t\t\t<div class=\"elementor-widget-container\">\n\t\t\t\t\t\t\t\t\t\t\t\t\t\t\t<img fetchpriority=\"high\" decoding=\"async\" width=\"169\" height=\"300\" src=\"https:\/\/www.bessopulita.ch\/wp-content\/uploads\/2022\/09\/flyer-open-day-24.09.22-169x300.jpeg\" class=\"attachment-medium size-medium wp-image-3361\" alt=\"\" srcset=\"https:\/\/www.bessopulita.ch\/wp-content\/uploads\/2022\/09\/flyer-open-day-24.09.22-169x300.jpeg 169w, https:\/\/www.bessopulita.ch\/wp-content\/uploads\/2022\/09\/flyer-open-day-24.09.22-576x1024.jpeg 576w, https:\/\/www.bessopulita.ch\/wp-content\/uploads\/2022\/09\/flyer-open-day-24.09.22-768x1365.jpeg 768w, https:\/\/www.bessopulita.ch\/wp-content\/uploads\/2022\/09\/flyer-open-day-24.09.22-864x1536.jpeg 864w, https:\/\/www.bessopulita.ch\/wp-content\/uploads\/2022\/09\/flyer-open-day-24.09.22-1152x2048.jpeg 1152w, https:\/\/www.bessopulita.ch\/wp-content\/uploads\/2022\/09\/flyer-open-day-24.09.22-920x1636.jpeg 920w, https:\/\/www.bessopulita.ch\/wp-content\/uploads\/2022\/09\/flyer-open-day-24.09.22-230x409.jpeg 230w, https:\/\/www.bessopulita.ch\/wp-content\/uploads\/2022\/09\/flyer-open-day-24.09.22-350x622.jpeg 350w, https:\/\/www.bessopulita.ch\/wp-content\/uploads\/2022\/09\/flyer-open-day-24.09.22-480x853.jpeg 480w, https:\/\/www.bessopulita.ch\/wp-content\/uploads\/2022\/09\/flyer-open-day-24.09.22.jpeg 1170w\" sizes=\"(max-width: 169px) 100vw, 169px\" \/>\t\t\t\t\t\t\t\t\t\t\t\t\t\t\t<\/div>\n\t\t\t\t<\/div>\n\t\t\t\t<div class=\"elementor-element elementor-element-4f991ef elementor-widget__width-initial elementor-widget elementor-widget-image\" data-id=\"4f991ef\" data-element_type=\"widget\" data-e-type=\"widget\" data-widget_type=\"image.default\">\n\t\t\t\t<div class=\"elementor-widget-container\">\n\t\t\t\t\t\t\t\t\t\t\t\t\t\t\t<img decoding=\"async\" width=\"212\" height=\"300\" src=\"https:\/\/www.bessopulita.ch\/wp-content\/uploads\/2023\/05\/locandina_A3_cmyk-DMC-11.06.23-212x300.jpg\" class=\"attachment-medium size-medium wp-image-3828\" alt=\"\" srcset=\"https:\/\/www.bessopulita.ch\/wp-content\/uploads\/2023\/05\/locandina_A3_cmyk-DMC-11.06.23-212x300.jpg 212w, https:\/\/www.bessopulita.ch\/wp-content\/uploads\/2023\/05\/locandina_A3_cmyk-DMC-11.06.23-724x1024.jpg 724w, https:\/\/www.bessopulita.ch\/wp-content\/uploads\/2023\/05\/locandina_A3_cmyk-DMC-11.06.23-768x1086.jpg 768w, https:\/\/www.bessopulita.ch\/wp-content\/uploads\/2023\/05\/locandina_A3_cmyk-DMC-11.06.23-1086x1536.jpg 1086w, https:\/\/www.bessopulita.ch\/wp-content\/uploads\/2023\/05\/locandina_A3_cmyk-DMC-11.06.23-1448x2048.jpg 1448w, https:\/\/www.bessopulita.ch\/wp-content\/uploads\/2023\/05\/locandina_A3_cmyk-DMC-11.06.23-1000x1414.jpg 1000w, https:\/\/www.bessopulita.ch\/wp-content\/uploads\/2023\/05\/locandina_A3_cmyk-DMC-11.06.23-230x325.jpg 230w, https:\/\/www.bessopulita.ch\/wp-content\/uploads\/2023\/05\/locandina_A3_cmyk-DMC-11.06.23-350x495.jpg 350w, https:\/\/www.bessopulita.ch\/wp-content\/uploads\/2023\/05\/locandina_A3_cmyk-DMC-11.06.23-480x679.jpg 480w, https:\/\/www.bessopulita.ch\/wp-content\/uploads\/2023\/05\/locandina_A3_cmyk-DMC-11.06.23-scaled.jpg 1810w\" sizes=\"(max-width: 212px) 100vw, 212px\" \/>\t\t\t\t\t\t\t\t\t\t\t\t\t\t\t<\/div>\n\t\t\t\t<\/div>\n\t\t\t\t\t<\/div>\n\t\t<\/div>\n\t\t\t\t\t<\/div>\n\t\t<\/section>\n\t\t\t\t<section class=\"elementor-section elementor-top-section elementor-element elementor-element-dc7598a elementor-section-stretched elementor-section-height-min-height elementor-section-boxed elementor-section-height-default elementor-section-items-middle\" data-id=\"dc7598a\" data-element_type=\"section\" data-e-type=\"section\" data-settings=\"{&quot;stretch_section&quot;:&quot;section-stretched&quot;}\">\n\t\t\t\t\t\t<div class=\"elementor-container elementor-column-gap-default\">\n\t\t\t\t\t<div class=\"elementor-column elementor-col-100 elementor-top-column elementor-element elementor-element-2225cfb\" data-id=\"2225cfb\" data-element_type=\"column\" data-e-type=\"column\">\n\t\t\t<div class=\"elementor-widget-wrap\">\n\t\t\t\t\t\t\t<\/div>\n\t\t<\/div>\n\t\t\t\t\t<\/div>\n\t\t<\/section>\n\t\t\t\t<section class=\"elementor-section elementor-top-section elementor-element elementor-element-1deb293 elementor-section-stretched elementor-section-boxed elementor-section-height-default elementor-section-height-default\" data-id=\"1deb293\" data-element_type=\"section\" data-e-type=\"section\" data-settings=\"{&quot;stretch_section&quot;:&quot;section-stretched&quot;}\">\n\t\t\t\t\t\t<div class=\"elementor-container elementor-column-gap-default\">\n\t\t\t\t\t<div class=\"elementor-column elementor-col-100 elementor-top-column elementor-element elementor-element-de8de5b\" data-id=\"de8de5b\" data-element_type=\"column\" data-e-type=\"column\">\n\t\t\t<div class=\"elementor-widget-wrap elementor-element-populated\">\n\t\t\t\t\t\t<div class=\"elementor-element elementor-element-6003291 elementor-widget elementor-widget-heading\" data-id=\"6003291\" data-element_type=\"widget\" data-e-type=\"widget\" data-widget_type=\"heading.default\">\n\t\t\t\t<div class=\"elementor-widget-container\">\n\t\t\t\t\t<h4 class=\"elementor-heading-title elementor-size-default\"><p style=\"margin: 12pt 0cm;background-image: initial;background-position: initial;background-size: initial;background-repeat: initial;background-attachment: initial\"><span>Prenota la tua lezione di<\/span><br><\/p><p style=\"margin: 12pt 0cm;background-image: initial;background-position: initial;background-size: initial;background-repeat: initial;background-attachment: initial\"><span lang=\"IT\" style=\"color:#1C1E21\">prova per tempo: <\/span><span lang=\"IT\"><a href=\"http:\/\/www.dmcstudio.ch\/?fbclid=IwAR2X_-tZTEmj2p4MhHtqaYEFAVVG4saRVkhfiTosxpxAsEylAvywGL_PBTM\" target=\"_blank\">www.dmcstudio.ch<\/a><\/span><\/p><\/h4>\t\t\t\t<\/div>\n\t\t\t\t<\/div>\n\t\t\t\t<div class=\"elementor-element elementor-element-fc55ece elementor-widget elementor-widget-image\" data-id=\"fc55ece\" data-element_type=\"widget\" data-e-type=\"widget\" data-widget_type=\"image.default\">\n\t\t\t\t<div class=\"elementor-widget-container\">\n\t\t\t\t\t\t\t\t\t\t\t\t\t\t\t<img decoding=\"async\" width=\"768\" height=\"541\" src=\"https:\/\/www.bessopulita.ch\/wp-content\/uploads\/2019\/09\/DMC-Studio-20192020-locandina_A5-768x541.jpg\" class=\"attachment-medium_large size-medium_large wp-image-2319\" alt=\"\" srcset=\"https:\/\/www.bessopulita.ch\/wp-content\/uploads\/2019\/09\/DMC-Studio-20192020-locandina_A5-768x541.jpg 768w, https:\/\/www.bessopulita.ch\/wp-content\/uploads\/2019\/09\/DMC-Studio-20192020-locandina_A5-300x211.jpg 300w, https:\/\/www.bessopulita.ch\/wp-content\/uploads\/2019\/09\/DMC-Studio-20192020-locandina_A5-230x162.jpg 230w, https:\/\/www.bessopulita.ch\/wp-content\/uploads\/2019\/09\/DMC-Studio-20192020-locandina_A5-350x247.jpg 350w, https:\/\/www.bessopulita.ch\/wp-content\/uploads\/2019\/09\/DMC-Studio-20192020-locandina_A5-480x338.jpg 480w, https:\/\/www.bessopulita.ch\/wp-content\/uploads\/2019\/09\/DMC-Studio-20192020-locandina_A5.jpg 827w\" sizes=\"(max-width: 768px) 100vw, 768px\" \/>\t\t\t\t\t\t\t\t\t\t\t\t\t\t\t<\/div>\n\t\t\t\t<\/div>\n\t\t\t\t<div class=\"elementor-element elementor-element-b9a951d elementor-widget-divider--view-line elementor-widget elementor-widget-divider\" data-id=\"b9a951d\" data-element_type=\"widget\" data-e-type=\"widget\" data-widget_type=\"divider.default\">\n\t\t\t\t<div class=\"elementor-widget-container\">\n\t\t\t\t\t\t\t<div class=\"elementor-divider\">\n\t\t\t<span class=\"elementor-divider-separator\">\n\t\t\t\t\t\t<\/span>\n\t\t<\/div>\n\t\t\t\t\t\t<\/div>\n\t\t\t\t<\/div>\n\t\t\t\t\t<\/div>\n\t\t<\/div>\n\t\t\t\t\t<\/div>\n\t\t<\/section>\n\t\t\t\t<section class=\"elementor-section elementor-top-section elementor-element elementor-element-2a96e51 elementor-section-stretched elementor-section-boxed elementor-section-height-default elementor-section-height-default\" data-id=\"2a96e51\" data-element_type=\"section\" data-e-type=\"section\" data-settings=\"{&quot;stretch_section&quot;:&quot;section-stretched&quot;}\">\n\t\t\t\t\t\t<div class=\"elementor-container elementor-column-gap-default\">\n\t\t\t\t\t<div class=\"elementor-column elementor-col-50 elementor-top-column elementor-element elementor-element-0e00413\" data-id=\"0e00413\" data-element_type=\"column\" data-e-type=\"column\">\n\t\t\t<div class=\"elementor-widget-wrap elementor-element-populated\">\n\t\t\t\t\t\t<div class=\"elementor-element elementor-element-db3bd8b elementor-widget elementor-widget-text-editor\" data-id=\"db3bd8b\" data-element_type=\"widget\" data-e-type=\"widget\" data-widget_type=\"text-editor.default\">\n\t\t\t\t<div class=\"elementor-widget-container\">\n\t\t\t\t\t\t\t\t\t<h4 style=\"font-weight: 400; text-align: center;\"><strong><span style=\"color: #000000;\">Qi gong, Zumba Gold e Yoga dolce arrivano a Besso<\/span><\/strong><\/h4><p style=\"text-align: left;\"><strong><span style=\"color: #000000;\">Nuove proposte dall\u2019Associazione Besso Pulita!\u00a0 Rispondendo alle numerose richieste giunte, l\u2019Associazione, attiva nel quartiere da oltre 10 anni, propone corsi di Qi gong, di Zumba Gold e di Yoga dolce. Questi corsi si rivolgono specialmente alle persone di una certa et\u00e0 che desiderano mantenersi in forma con esercizi e movimenti e, nel contempo, socializzare.\u00a0<\/span><\/strong><\/p><p style=\"text-align: left;\"><a href=\"https:\/\/www.bessopulita.ch\/wp-content\/uploads\/2019\/01\/06.09.2018-Besso-Pulita-riprendono-i-corsi.pdf\" target=\"_blank\" rel=\"noopener\">06.09.2018 Comunicato stampa<\/a><\/p>\t\t\t\t\t\t\t\t<\/div>\n\t\t\t\t<\/div>\n\t\t\t\t\t<\/div>\n\t\t<\/div>\n\t\t\t\t<div class=\"elementor-column elementor-col-50 elementor-top-column elementor-element elementor-element-ad1efc9\" data-id=\"ad1efc9\" data-element_type=\"column\" data-e-type=\"column\">\n\t\t\t<div class=\"elementor-widget-wrap elementor-element-populated\">\n\t\t\t\t\t\t<div class=\"elementor-element elementor-element-d090379 elementor-widget elementor-widget-image\" data-id=\"d090379\" data-element_type=\"widget\" data-e-type=\"widget\" data-widget_type=\"image.default\">\n\t\t\t\t<div class=\"elementor-widget-container\">\n\t\t\t\t\t\t\t\t\t\t\t\t\t\t\t<img loading=\"lazy\" decoding=\"async\" width=\"715\" height=\"400\" src=\"https:\/\/www.bessopulita.ch\/wp-content\/uploads\/2019\/03\/slide19.jpg\" class=\"attachment-medium_large size-medium_large wp-image-1839\" alt=\"\" srcset=\"https:\/\/www.bessopulita.ch\/wp-content\/uploads\/2019\/03\/slide19.jpg 715w, https:\/\/www.bessopulita.ch\/wp-content\/uploads\/2019\/03\/slide19-300x168.jpg 300w, https:\/\/www.bessopulita.ch\/wp-content\/uploads\/2019\/03\/slide19-230x129.jpg 230w, https:\/\/www.bessopulita.ch\/wp-content\/uploads\/2019\/03\/slide19-350x196.jpg 350w, https:\/\/www.bessopulita.ch\/wp-content\/uploads\/2019\/03\/slide19-480x269.jpg 480w\" sizes=\"(max-width: 715px) 100vw, 715px\" \/>\t\t\t\t\t\t\t\t\t\t\t\t\t\t\t<\/div>\n\t\t\t\t<\/div>\n\t\t\t\t\t<\/div>\n\t\t<\/div>\n\t\t\t\t\t<\/div>\n\t\t<\/section>\n\t\t\t\t<section class=\"elementor-section elementor-top-section elementor-element elementor-element-c8770f1 elementor-section-stretched elementor-section-height-min-height elementor-section-boxed elementor-section-height-default elementor-section-items-middle\" data-id=\"c8770f1\" data-element_type=\"section\" data-e-type=\"section\" data-settings=\"{&quot;stretch_section&quot;:&quot;section-stretched&quot;}\">\n\t\t\t\t\t\t<div class=\"elementor-container elementor-column-gap-default\">\n\t\t\t\t\t<div class=\"elementor-column elementor-col-100 elementor-top-column elementor-element elementor-element-1a12165\" data-id=\"1a12165\" data-element_type=\"column\" data-e-type=\"column\">\n\t\t\t<div class=\"elementor-widget-wrap elementor-element-populated\">\n\t\t\t\t\t\t<div class=\"elementor-element elementor-element-af34db6 elementor-widget-divider--view-line elementor-widget elementor-widget-divider\" data-id=\"af34db6\" data-element_type=\"widget\" data-e-type=\"widget\" data-widget_type=\"divider.default\">\n\t\t\t\t<div class=\"elementor-widget-container\">\n\t\t\t\t\t\t\t<div class=\"elementor-divider\">\n\t\t\t<span class=\"elementor-divider-separator\">\n\t\t\t\t\t\t<\/span>\n\t\t<\/div>\n\t\t\t\t\t\t<\/div>\n\t\t\t\t<\/div>\n\t\t\t\t<div class=\"elementor-element elementor-element-1d97911 elementor-widget elementor-widget-image\" data-id=\"1d97911\" data-element_type=\"widget\" data-e-type=\"widget\" data-widget_type=\"image.default\">\n\t\t\t\t<div class=\"elementor-widget-container\">\n\t\t\t\t\t\t\t\t\t\t\t\t\t\t\t<img loading=\"lazy\" decoding=\"async\" width=\"300\" height=\"200\" src=\"https:\/\/www.bessopulita.ch\/wp-content\/uploads\/2018\/12\/DMC-Studio-foto-300x200.jpg\" class=\"attachment-medium size-medium wp-image-385\" alt=\"\" srcset=\"https:\/\/www.bessopulita.ch\/wp-content\/uploads\/2018\/12\/DMC-Studio-foto-300x200.jpg 300w, https:\/\/www.bessopulita.ch\/wp-content\/uploads\/2018\/12\/DMC-Studio-foto-768x513.jpg 768w, https:\/\/www.bessopulita.ch\/wp-content\/uploads\/2018\/12\/DMC-Studio-foto.jpg 1008w\" sizes=\"(max-width: 300px) 100vw, 300px\" \/>\t\t\t\t\t\t\t\t\t\t\t\t\t\t\t<\/div>\n\t\t\t\t<\/div>\n\t\t\t\t\t<\/div>\n\t\t<\/div>\n\t\t\t\t\t<\/div>\n\t\t<\/section>\n\t\t\t\t<section class=\"elementor-section elementor-top-section elementor-element elementor-element-3368932 elementor-section-stretched elementor-section-boxed elementor-section-height-default elementor-section-height-default\" data-id=\"3368932\" data-element_type=\"section\" data-e-type=\"section\" data-settings=\"{&quot;stretch_section&quot;:&quot;section-stretched&quot;}\">\n\t\t\t\t\t\t<div class=\"elementor-container elementor-column-gap-default\">\n\t\t\t\t\t<div class=\"elementor-column elementor-col-100 elementor-top-column elementor-element elementor-element-a41d9fd\" data-id=\"a41d9fd\" data-element_type=\"column\" data-e-type=\"column\">\n\t\t\t<div class=\"elementor-widget-wrap elementor-element-populated\">\n\t\t\t\t\t\t<div class=\"elementor-element elementor-element-2427883 elementor-widget elementor-widget-text-editor\" data-id=\"2427883\" data-element_type=\"widget\" data-e-type=\"widget\" data-widget_type=\"text-editor.default\">\n\t\t\t\t<div class=\"elementor-widget-container\">\n\t\t\t\t\t\t\t\t\t<h3 class=\"elementor-image-box-title elementor-inline-editing pen\" style=\"text-align: center;\" contenteditable=\"true\" data-elementor-setting-key=\"title_text\" data-elementor-inline-editing-toolbar=\"none\" data-pen-placeholder=\"Digita qui...\"><span style=\"color: #0000ff;\"><span style=\"color: #3366ff;\">&#8220;D&#8221; come danza &#8220;M&#8221; come musica &#8220;C&#8221; come creazione<\/span>\u200b<\/span><\/h3><p><span style=\"color: #000000; text-align: center; white-space: pre-wrap;\">Nato nel 2012, il\u00a0DMC STUDIO\u00a0opera come Associazione senza scopo di lucro dal 2014 e si prefigge come obiettivo principale di promuovere attivit\u00e0 ludiche e sportive per il mantenimento del\u00a0benessere psico-fisico. Con il suo team d&#8217;insegnanti, qualificati nelle discipline proposte e in costante aggiornamento, desidera risvegliare l&#8217;entusiasmo per uno sport regolare e sano, insegnando ai giovani in particolare, a trarre beneficio dalla loro spontaneit\u00e0, creativit\u00e0 e dalle emozioni.\u00a0L&#8217;Associazione vuole anche dare l&#8217;occasione ai genitori di poter condividere con i figli l&#8217;attivit\u00e0 scelta organizzando eventi per le famiglie e proponendo corsi specifici genitore-bambino.Le proposte si focalizzano sulla danza, pensata in modo universale e per tutti: richiede capacit\u00e0 a livello di coordinazione, espressione e creativit\u00e0. L&#8217;esperienza di gruppo nel mondo della danza \u00e8 una vera e propria &#8220;palestra di vita&#8221;: si impara a stare bene e a crescere insieme, ad incoraggiarsi e a sostenersi. Il DMC STUDIO\u00a0ha a cuore che bambini e giovani possano vivere lo sport in modo sano e nel rispetto di ognuno, coinvolgendoli nella realizzazione delle attivit\u00e0.Il DMC STUDIO collabora con l&#8217;Associazione Besso Pulita!, attiva nel Quartiere di Besso da oltre 10 anni, nella\u00a0promozione dello sport per i giovani e giovanissimi\u00a0e nell&#8217;organizzazione di eventi volti alla\u00a0socializzazione. Propone nella sede di via Sorengo 2, a Lugano-Besso, anche dei corsi &#8220;Wellness&#8221; pensati appositamente per gli adulti che vogliono dedicarsi un vero e proprio momento &#8220;toccasana&#8221; durante la giornata.<\/span><\/p>\t\t\t\t\t\t\t\t<\/div>\n\t\t\t\t<\/div>\n\t\t\t\t\t<\/div>\n\t\t<\/div>\n\t\t\t\t\t<\/div>\n\t\t<\/section>\n\t\t\t\t<section class=\"elementor-section elementor-top-section elementor-element elementor-element-e26b257 elementor-section-boxed elementor-section-height-default elementor-section-height-default\" data-id=\"e26b257\" data-element_type=\"section\" data-e-type=\"section\">\n\t\t\t\t\t\t<div class=\"elementor-container elementor-column-gap-default\">\n\t\t\t\t\t<div class=\"elementor-column elementor-col-100 elementor-top-column elementor-element elementor-element-37b46f4\" data-id=\"37b46f4\" data-element_type=\"column\" data-e-type=\"column\">\n\t\t\t<div class=\"elementor-widget-wrap elementor-element-populated\">\n\t\t\t\t\t\t<div class=\"elementor-element elementor-element-c7647a9 elementor-widget-divider--view-line elementor-widget elementor-widget-divider\" data-id=\"c7647a9\" data-element_type=\"widget\" data-e-type=\"widget\" data-widget_type=\"divider.default\">\n\t\t\t\t<div class=\"elementor-widget-container\">\n\t\t\t\t\t\t\t<div class=\"elementor-divider\">\n\t\t\t<span class=\"elementor-divider-separator\">\n\t\t\t\t\t\t<\/span>\n\t\t<\/div>\n\t\t\t\t\t\t<\/div>\n\t\t\t\t<\/div>\n\t\t\t\t<div class=\"elementor-element elementor-element-4439bb6 elementor-widget elementor-widget-text-editor\" data-id=\"4439bb6\" data-element_type=\"widget\" data-e-type=\"widget\" data-widget_type=\"text-editor.default\">\n\t\t\t\t<div class=\"elementor-widget-container\">\n\t\t\t\t\t\t\t\t\t<h5 class=\"MsoNormal\">Anche quest\u2019anno Besso Pulita! ha partecipato a Make Your Move al Palacongressi con\u00a0 i ragazzi di DMC STUDIO. Un magnifico spettacolo!<\/h5>\t\t\t\t\t\t\t\t<\/div>\n\t\t\t\t<\/div>\n\t\t\t\t\t<\/div>\n\t\t<\/div>\n\t\t\t\t\t<\/div>\n\t\t<\/section>\n\t\t\t\t<section class=\"elementor-section elementor-top-section elementor-element elementor-element-6c2f10e elementor-section-boxed elementor-section-height-default elementor-section-height-default\" data-id=\"6c2f10e\" data-element_type=\"section\" data-e-type=\"section\">\n\t\t\t\t\t\t<div class=\"elementor-container elementor-column-gap-default\">\n\t\t\t\t\t<div class=\"elementor-column elementor-col-100 elementor-top-column elementor-element elementor-element-80ead06\" data-id=\"80ead06\" data-element_type=\"column\" data-e-type=\"column\">\n\t\t\t<div class=\"elementor-widget-wrap elementor-element-populated\">\n\t\t\t\t\t\t<div class=\"elementor-element elementor-element-6b61d17 elementor-widget elementor-widget-image-gallery\" data-id=\"6b61d17\" data-element_type=\"widget\" data-e-type=\"widget\" data-widget_type=\"image-gallery.default\">\n\t\t\t\t<div class=\"elementor-widget-container\">\n\t\t\t\t\t\t\t<div class=\"elementor-image-gallery\">\n\t\t\t<div id='gallery-1' class='gallery galleryid-359 gallery-columns-4 gallery-size-thumbnail'><figure class='gallery-item'>\n\t\t\t<div class='gallery-icon portrait'>\n\t\t\t\t<a data-elementor-open-lightbox=\"yes\" data-elementor-lightbox-slideshow=\"6b61d17\" data-elementor-lightbox-title=\"IMG_6231\" data-e-action-hash=\"#elementor-action%3Aaction%3Dlightbox%26settings%3DeyJpZCI6MzQ0MiwidXJsIjoiaHR0cHM6XC9cL3d3dy5iZXNzb3B1bGl0YS5jaFwvd3AtY29udGVudFwvdXBsb2Fkc1wvMjAyM1wvMDNcL0lNR182MjMxLXNjYWxlZC5qcGciLCJzbGlkZXNob3ciOiI2YjYxZDE3In0%3D\" href='https:\/\/www.bessopulita.ch\/wp-content\/uploads\/2023\/03\/IMG_6231-scaled.jpg'><img loading=\"lazy\" decoding=\"async\" width=\"150\" height=\"150\" src=\"https:\/\/www.bessopulita.ch\/wp-content\/uploads\/2023\/03\/IMG_6231-150x150.jpg\" class=\"attachment-thumbnail size-thumbnail\" alt=\"\" \/><\/a>\n\t\t\t<\/div><\/figure><figure class='gallery-item'>\n\t\t\t<div class='gallery-icon landscape'>\n\t\t\t\t<a data-elementor-open-lightbox=\"yes\" data-elementor-lightbox-slideshow=\"6b61d17\" data-elementor-lightbox-title=\"2023-DMCIMG_6270_1_ (1)\" data-e-action-hash=\"#elementor-action%3Aaction%3Dlightbox%26settings%3DeyJpZCI6MzQ0MSwidXJsIjoiaHR0cHM6XC9cL3d3dy5iZXNzb3B1bGl0YS5jaFwvd3AtY29udGVudFwvdXBsb2Fkc1wvMjAyM1wvMDNcLzIwMjMtRE1DSU1HXzYyNzBfMV8tMS1zY2FsZWQuanBnIiwic2xpZGVzaG93IjoiNmI2MWQxNyJ9\" href='https:\/\/www.bessopulita.ch\/wp-content\/uploads\/2023\/03\/2023-DMCIMG_6270_1_-1-scaled.jpg'><img loading=\"lazy\" decoding=\"async\" width=\"150\" height=\"150\" src=\"https:\/\/www.bessopulita.ch\/wp-content\/uploads\/2023\/03\/2023-DMCIMG_6270_1_-1-150x150.jpg\" class=\"attachment-thumbnail size-thumbnail\" alt=\"\" \/><\/a>\n\t\t\t<\/div><\/figure><figure class='gallery-item'>\n\t\t\t<div class='gallery-icon landscape'>\n\t\t\t\t<a data-elementor-open-lightbox=\"yes\" data-elementor-lightbox-slideshow=\"6b61d17\" data-elementor-lightbox-title=\"2023-DMC-IMG_6256_1_\" data-e-action-hash=\"#elementor-action%3Aaction%3Dlightbox%26settings%3DeyJpZCI6MzQ0MCwidXJsIjoiaHR0cHM6XC9cL3d3dy5iZXNzb3B1bGl0YS5jaFwvd3AtY29udGVudFwvdXBsb2Fkc1wvMjAyM1wvMDNcLzIwMjMtRE1DLUlNR182MjU2XzFfLXNjYWxlZC5qcGciLCJzbGlkZXNob3ciOiI2YjYxZDE3In0%3D\" href='https:\/\/www.bessopulita.ch\/wp-content\/uploads\/2023\/03\/2023-DMC-IMG_6256_1_-scaled.jpg'><img loading=\"lazy\" decoding=\"async\" width=\"150\" height=\"150\" src=\"https:\/\/www.bessopulita.ch\/wp-content\/uploads\/2023\/03\/2023-DMC-IMG_6256_1_-150x150.jpg\" class=\"attachment-thumbnail size-thumbnail\" alt=\"\" \/><\/a>\n\t\t\t<\/div><\/figure><figure class='gallery-item'>\n\t\t\t<div class='gallery-icon landscape'>\n\t\t\t\t<a data-elementor-open-lightbox=\"yes\" data-elementor-lightbox-slideshow=\"6b61d17\" data-elementor-lightbox-title=\"2023-DMC-IMG_6252_1_\" data-e-action-hash=\"#elementor-action%3Aaction%3Dlightbox%26settings%3DeyJpZCI6MzQzOSwidXJsIjoiaHR0cHM6XC9cL3d3dy5iZXNzb3B1bGl0YS5jaFwvd3AtY29udGVudFwvdXBsb2Fkc1wvMjAyM1wvMDNcLzIwMjMtRE1DLUlNR182MjUyXzFfLXNjYWxlZC5qcGciLCJzbGlkZXNob3ciOiI2YjYxZDE3In0%3D\" href='https:\/\/www.bessopulita.ch\/wp-content\/uploads\/2023\/03\/2023-DMC-IMG_6252_1_-scaled.jpg'><img loading=\"lazy\" decoding=\"async\" width=\"150\" height=\"150\" src=\"https:\/\/www.bessopulita.ch\/wp-content\/uploads\/2023\/03\/2023-DMC-IMG_6252_1_-150x150.jpg\" class=\"attachment-thumbnail size-thumbnail\" alt=\"\" \/><\/a>\n\t\t\t<\/div><\/figure>\n\t\t<\/div>\n\t\t<\/div>\n\t\t\t\t\t\t<\/div>\n\t\t\t\t<\/div>\n\t\t\t\t\t<\/div>\n\t\t<\/div>\n\t\t\t\t\t<\/div>\n\t\t<\/section>\n\t\t\t\t<\/div>\n\t\t","protected":false},"excerpt":{"rendered":"<p>Prenota la tua lezione di prova per tempo: www.dmcstudio.ch Qi gong, Zumba Gold e Yoga dolce arrivano a Besso Nuove proposte dall\u2019Associazione [&hellip;]<\/p>\n","protected":false},"author":3,"featured_media":0,"parent":0,"menu_order":0,"comment_status":"closed","ping_status":"closed","template":"","meta":{"footnotes":""},"class_list":["post-359","page","type-page","status-publish","hentry"],"_links":{"self":[{"href":"https:\/\/www.bessopulita.ch\/index.php\/wp-json\/wp\/v2\/pages\/359","targetHints":{"allow":["GET"]}}],"collection":[{"href":"https:\/\/www.bessopulita.ch\/index.php\/wp-json\/wp\/v2\/pages"}],"about":[{"href":"https:\/\/www.bessopulita.ch\/index.php\/wp-json\/wp\/v2\/types\/page"}],"author":[{"embeddable":true,"href":"https:\/\/www.bessopulita.ch\/index.php\/wp-json\/wp\/v2\/users\/3"}],"replies":[{"embeddable":true,"href":"https:\/\/www.bessopulita.ch\/index.php\/wp-json\/wp\/v2\/comments?post=359"}],"version-history":[{"count":111,"href":"https:\/\/www.bessopulita.ch\/index.php\/wp-json\/wp\/v2\/pages\/359\/revisions"}],"predecessor-version":[{"id":3971,"href":"https:\/\/www.bessopulita.ch\/index.php\/wp-json\/wp\/v2\/pages\/359\/revisions\/3971"}],"wp:attachment":[{"href":"https:\/\/www.bessopulita.ch\/index.php\/wp-json\/wp\/v2\/media?parent=359"}],"curies":[{"name":"wp","href":"https:\/\/api.w.org\/{rel}","templated":true}]}}