{"id":2055,"date":"2019-04-02T15:52:00","date_gmt":"2019-04-02T15:52:00","guid":{"rendered":"https:\/\/bessopulita.ch\/?page_id=2055"},"modified":"2020-05-29T15:58:34","modified_gmt":"2020-05-29T15:58:34","slug":"infopoint","status":"publish","type":"page","link":"https:\/\/www.bessopulita.ch\/index.php\/cosa-facciamo\/infopoint\/","title":{"rendered":"Infopoint"},"content":{"rendered":"\t\t<div data-elementor-type=\"wp-post\" data-elementor-id=\"2055\" class=\"elementor elementor-2055\">\n\t\t\t\t\t\t<section class=\"elementor-section elementor-top-section elementor-element elementor-element-3419a07 elementor-section-stretched elementor-section-boxed elementor-section-height-default elementor-section-height-default\" data-id=\"3419a07\" data-element_type=\"section\" data-e-type=\"section\" data-settings=\"{&quot;stretch_section&quot;:&quot;section-stretched&quot;}\">\n\t\t\t\t\t\t<div class=\"elementor-container elementor-column-gap-default\">\n\t\t\t\t\t<div class=\"elementor-column elementor-col-100 elementor-top-column elementor-element elementor-element-8d2f46c\" data-id=\"8d2f46c\" data-element_type=\"column\" data-e-type=\"column\">\n\t\t\t<div class=\"elementor-widget-wrap elementor-element-populated\">\n\t\t\t\t\t\t<div class=\"elementor-element elementor-element-cc55157 elementor-position-left elementor-vertical-align-top elementor-invisible elementor-widget elementor-widget-image-box\" data-id=\"cc55157\" data-element_type=\"widget\" data-e-type=\"widget\" data-settings=\"{&quot;_animation&quot;:&quot;bounceIn&quot;}\" data-widget_type=\"image-box.default\">\n\t\t\t\t<div class=\"elementor-widget-container\">\n\t\t\t\t\t<div class=\"elementor-image-box-wrapper\"><figure class=\"elementor-image-box-img\"><img decoding=\"async\" src=\"https:\/\/www.bessopulita.ch\/wp-content\/uploads\/2018\/12\/Info.jpg\" title=\"Info\" alt=\"Info\" loading=\"lazy\" \/><\/figure><div class=\"elementor-image-box-content\"><h5 class=\"elementor-image-box-title\">L'Infopoint per anziani \u00e8 aperto ogni sabato mattina dalle 9.30 alle 12.00 previo appuntamento al numero 091 922 22 50<\/h5><\/div><\/div>\t\t\t\t<\/div>\n\t\t\t\t<\/div>\n\t\t\t\t<div class=\"elementor-element elementor-element-4cfcede elementor-widget elementor-widget-text-editor\" data-id=\"4cfcede\" data-element_type=\"widget\" data-e-type=\"widget\" data-widget_type=\"text-editor.default\">\n\t\t\t\t<div class=\"elementor-widget-container\">\n\t\t\t\t\t\t\t\t\t<p><span style=\"color: black; font-family: Arial, sans-serif; font-size: 13.5pt;\">17.02.2016 Ticinonline\u00a0<\/span><\/p><h6><span style=\"font-size: 13.5pt; font-family: 'Arial','sans-serif'; mso-fareast-font-family: 'Times New Roman'; color: black; mso-fareast-language: IT-CH;\">Info Point per persone anziane: nuova esperienza pilota di Besso Pulita!<\/span><\/h6><p><span style=\"font-size: 13.5pt; font-family: 'Arial','sans-serif'; mso-fareast-font-family: 'Times New Roman'; color: black; mso-fareast-language: IT-CH;\">LUGANO: Nuova iniziativa dell\u2019Associazione Besso Pulita!, che da 9 anni \u00e8 impegnata sul territorio per lottare contro lo spaccio, a favore della socializzazione e per migliorare la qualit\u00e0 di vita nel quartiere. Mercoled\u00ec 17 febbraio, presso la sede di via Sorengo 2, \u00e8 stato presentato alla stampa e alle autorit\u00e0 il nuovo Info Point per persone anziane. Si tratta di un \u201cprogetto pilota\u201d realizzato con il sostegno dell\u2019Associazione italiani di Lugano per gli anziani (AILA). \u201cAbbiamo voluto dare un servizio a favore degli anziani, che potranno ottenere informazioni, ascolto, suggerimenti, sostegno e altro ancora\u201d \u2013 ha evidenziato Ugo Cancelli, presidente di Besso Pulita!, rilevando che questa iniziativa potrebbe essere uno spunto anche per altri quartieri o comuni.\u00a0\u00a0La popolazione di Besso, e non solo, \u00e8 composta da un numero sempre maggiore di anziani. Questa fascia di persone, anche se ancora in forma, spesso \u00e8 sola e necessita di informazioni, sostegno e anche piccoli aiuti concreti. Partendo da questo presupposto, Besso Pulita! ha voluto mettere a disposizione la propria sede anche agli anziani realizzando un Info Point. Un luogo accogliente dove si possa ricevere un piccolo supporto, informazioni varie e soprattutto un ascolto attento. Besso Pulita!, grazie al supporto dell\u2019Associazione AILA di Lugano, ha quindi attrezzato la propria sede con un sistema WIFI, alcuni PC e altro materiale tecnico. L\u2019Info Point, situato proprio di fronte alla Posta di Besso, in via Sorengo 2, \u00e8 facilmente accessibile. Sar\u00e0 aperto inizialmente il sabato mattina dalle 09.00 alle 12.00. I volontari di Besso Pulita! saranno a disposizione degli anziani per valutare i loro problemi e necessit\u00e0 ed aiutarli nelle piccole incombenze. Dopo una prima fase di valutazione, l\u2019apertura potr\u00e0 essere prolungata. Il presidente di Besso Pulita!, Ugo Cancelli, ha puntualizzato che non si tratta di un Punto Citt\u00e0, come quelli gestiti dal Comune di Lugano, ma di un servizio per dare \u201cun colpo di mano\u201d e stare vicino agli anziani del quartiere. \u201cDa noi si potranno ottenere varie informazioni. Vorremmo servire da trait d\u2019union con l\u2019amministrazione comunale e cantonale. Le persone saranno messe in contatto con le autorit\u00e0 o con le varie associazioni che gi\u00e0 operano sul terreno a favore della Terza et\u00e0 (Pro Senectute, ATTE, ecc.)\u201d \u2013 ha spiegato Ugo Cancelli, ricordando che Besso Pulita! gi\u00e0 collabora con Pro Senectute nell\u2019organizzazione corsi di difesa personale per persone anziane e che altre iniziative del genere sono al vaglio. Ci occuperemo anche dei pi\u00f9 bisognosi \u2013 ha ancora indicato Cancelli precisando che le persone anziane che hanno reali necessit\u00e0, saranno messe in contatto con la massima discrezione con l\u2019Associazione AILA per ottenere un aiuto diretto. Cancelli ha colto l\u2019occasione per presentare anche un altro progetto che gli sta molto a cuore. \u201cStiamo cercando sostegni per realizzare un Atelier dove artigiani, magari in pensione, o professionisti vogliano mettersi a disposizione dei giovani (e meno giovani) per trasmettere qualche trucchetto del loro mestiere o del loro sapere. Dover riparare degli oggetti o costruirne altri. Dove scambiarsi informazioni e socializzare. Un contatto per rimanere ancora attivi e tramandare un sapere che magari andrebbe perso \u2013 ha concluso Ugo Cancelli, rilevando che dopo soli sei mesi d\u2019attivit\u00e0 l\u2019occupazione della Sede, con i vari corsi di ballo, di fitness, di Atelier per i bambini e altro, \u00e8 ormai quasi completa. \u201cSe continua cos\u00ec, saremo obbligati ad ingrandire la sala\u201d, ha scherzosamente concluso il presidente di Besso Pulita!<\/span><\/p>\t\t\t\t\t\t\t\t<\/div>\n\t\t\t\t<\/div>\n\t\t\t\t\t<\/div>\n\t\t<\/div>\n\t\t\t\t\t<\/div>\n\t\t<\/section>\n\t\t\t\t<\/div>\n\t\t","protected":false},"excerpt":{"rendered":"<p>L&#8217;Infopoint per anziani \u00e8 aperto ogni sabato mattina dalle 9.30 alle 12.00 previo appuntamento al numero 091 922 22 50 17.02.2016 Ticinonline\u00a0 [&hellip;]<\/p>\n","protected":false},"author":3,"featured_media":0,"parent":22,"menu_order":0,"comment_status":"closed","ping_status":"closed","template":"","meta":{"footnotes":""},"class_list":["post-2055","page","type-page","status-publish","hentry"],"_links":{"self":[{"href":"https:\/\/www.bessopulita.ch\/index.php\/wp-json\/wp\/v2\/pages\/2055","targetHints":{"allow":["GET"]}}],"collection":[{"href":"https:\/\/www.bessopulita.ch\/index.php\/wp-json\/wp\/v2\/pages"}],"about":[{"href":"https:\/\/www.bessopulita.ch\/index.php\/wp-json\/wp\/v2\/types\/page"}],"author":[{"embeddable":true,"href":"https:\/\/www.bessopulita.ch\/index.php\/wp-json\/wp\/v2\/users\/3"}],"replies":[{"embeddable":true,"href":"https:\/\/www.bessopulita.ch\/index.php\/wp-json\/wp\/v2\/comments?post=2055"}],"version-history":[{"count":16,"href":"https:\/\/www.bessopulita.ch\/index.php\/wp-json\/wp\/v2\/pages\/2055\/revisions"}],"predecessor-version":[{"id":2907,"href":"https:\/\/www.bessopulita.ch\/index.php\/wp-json\/wp\/v2\/pages\/2055\/revisions\/2907"}],"up":[{"embeddable":true,"href":"https:\/\/www.bessopulita.ch\/index.php\/wp-json\/wp\/v2\/pages\/22"}],"wp:attachment":[{"href":"https:\/\/www.bessopulita.ch\/index.php\/wp-json\/wp\/v2\/media?parent=2055"}],"curies":[{"name":"wp","href":"https:\/\/api.w.org\/{rel}","templated":true}]}}